{"id":38,"date":"2024-01-15T21:33:12","date_gmt":"2024-01-15T21:33:12","guid":{"rendered":"https:\/\/labs.100x100.net\/projects\/velaclassica\/?page_id=38"},"modified":"2025-07-12T08:52:09","modified_gmt":"2025-07-12T08:52:09","slug":"clasificaciones","status":"publish","type":"page","link":"https:\/\/puigvelaclassica.com\/es\/clasificaciones\/","title":{"rendered":"Clasificaciones"},"content":{"rendered":"<p><a class=\"calltoaction light smaller\" href=\"https:\/\/estela.co\/en\/tracking-competition\/432\/puig-vela-classica-barcelona-xviii-edition\" target=\"_blank\" rel=\"noopener noreferrer\">Tracking de todas las regatas<\/a><\/p>\n<hr>\n<h3>BIG BOAT<\/h3>\n<p><a class=\"calltoaction light smaller\" href=\"https:\/\/estela.co\/en\/tracking-competition\/432\/puig-vela-classica-barcelona-xviii-edition\" target=\"_blank\" rel=\"noopener noreferrer\">Tracking en vivo<\/a><\/p>\n<table class=\"vela\">\n<tbody>\n<tr>\n<td><a class=\"calltoaction smaller\" href=\"https:\/\/www.puigvelaclassica.com\/results\/resulta_2025\/entries_bigboat.html\" target=\"_blank\" rel=\"noopener noreferrer\">INSCRITOS<\/a><\/td>\n<td><a class=\"calltoaction smaller\" href=\"https:\/\/www.puigvelaclassica.com\/results\/resulta_2025\/results_race_01_bigboat.html\" target=\"_blank\" rel=\"noopener noreferrer\">PRUEBA 1<\/a><\/td>\n<td><a class=\"calltoaction smaller\" href=\"http:\/\/www.puigvelaclassica.com\/results\/resulta_2025\/results_race_02_bigboat.html\" target=\"_blank\" rel=\"noopener noreferrer\">PRUEBA 2<\/a><\/td>\n<td><!--<a class=\"calltoaction smaller\" href=\"http:\/\/www.puigvelaclassica.com\/results\/resulta_2025\/results_race_03_bigboat.html\" target=\"_blank\" rel=\"noopener noreferrer\">PRUEBA 3<\/a><\/td>\n\n--><\/p>\n<td><a class=\"calltoaction smaller\" href=\"http:\/\/www.puigvelaclassica.com\/results\/resulta_2025\/overall_bigboat.html\" target=\"_blank\" rel=\"noopener noreferrer\">GENERAL<\/a><\/td>\n<\/tr>\n<\/tbody>\n<\/table>\n<hr \/>\n<h3>CL\u00c1SICOS 1<\/h3>\n<p><a class=\"calltoaction light smaller\" href=\"https:\/\/estela.co\/en\/tracking-competition\/432\/puig-vela-classica-barcelona-xviii-edition\" target=\"_blank\" rel=\"noopener noreferrer\">Tracking en vivo<\/a><\/p>\n<table class=\"vela\">\n<tbody>\n<tr>\n<td><a class=\"calltoaction smaller\" href=\"https:\/\/www.puigvelaclassica.com\/results\/resulta_2025\/entries_clasicos1.html\" target=\"_blank\" rel=\"noopener noreferrer\">INSCRITOS<\/a><\/td>\n<td><a class=\"calltoaction smaller\" href=\"https:\/\/www.puigvelaclassica.com\/results\/resulta_2025\/results_race_01_clasicos1.html\" target=\"_blank\" rel=\"noopener noreferrer\">PRUEBA 1<\/a><\/td>\n<td><a class=\"calltoaction smaller\" href=\"http:\/\/www.puigvelaclassica.com\/results\/resulta_2025\/results_race_02_clasicos1.html\" target=\"_blank\" rel=\"noopener noreferrer\">PRUEBA 2<\/a><\/td>\n<td><!--<a class=\"calltoaction smaller\" href=\"http:\/\/www.puigvelaclassica.com\/results\/resulta_2025\/results_race_03_clasicos1.html\" target=\"_blank\" rel=\"noopener noreferrer\">PRUEBA 3<\/a><\/td>\n\n--><\/p>\n<td><a class=\"calltoaction smaller\" href=\"http:\/\/www.puigvelaclassica.com\/results\/resulta_2025\/overall_clasicos1.html\" target=\"_blank\" rel=\"noopener noreferrer\">GENERAL<\/a><\/td>\n<\/tr>\n<\/tbody>\n<\/table>\n<hr \/>\n<h3>CL\u00c1SICOS 2<\/h3>\n<p><a class=\"calltoaction light smaller\" href=\"https:\/\/estela.co\/en\/tracking-competition\/432\/puig-vela-classica-barcelona-xviii-edition\" target=\"_blank\" rel=\"noopener noreferrer\">Tracking en vivo<\/a><\/p>\n<table class=\"vela\">\n<tbody>\n<tr>\n<td><a class=\"calltoaction smaller\" href=\"https:\/\/www.puigvelaclassica.com\/results\/resulta_2025\/entries_clasicos2.html\" target=\"_blank\" rel=\"noopener noreferrer\">INSCRITOS<\/a><\/td>\n<td><a class=\"calltoaction smaller\" href=\"https:\/\/www.puigvelaclassica.com\/results\/resulta_2025\/results_race_01_clasicos2.html\" target=\"_blank\" rel=\"noopener noreferrer\">PRUEBA 1<\/a><\/td>\n<td><a class=\"calltoaction smaller\" href=\"http:\/\/www.puigvelaclassica.com\/results\/resulta_2025\/results_race_02_clasicos2.html\" target=\"_blank\" rel=\"noopener noreferrer\">PRUEBA 2<\/a><\/td>\n<td><!--<a class=\"calltoaction smaller\" href=\"http:\/\/www.puigvelaclassica.com\/results\/resulta_2025\/results_race_03_clasicos2.html\" target=\"_blank\" rel=\"noopener noreferrer\">PRUEBA 3<\/a><\/td>\n\n--><\/p>\n<td><a class=\"calltoaction smaller\" href=\"http:\/\/www.puigvelaclassica.com\/results\/resulta_2025\/overall_clasicos2.html\" target=\"_blank\" rel=\"noopener noreferrer\">GENERAL<\/a><\/td>\n<\/tr>\n<\/tbody>\n<\/table>\n<hr \/>\n<h3>\u00c9POCA BERMUDIAN<\/h3>\n<p><a class=\"calltoaction light smaller\" href=\"https:\/\/estela.co\/en\/tracking-competition\/432\/puig-vela-classica-barcelona-xviii-edition\" target=\"_blank\" rel=\"noopener noreferrer\">Tracking en vivo<\/a><\/p>\n<table class=\"vela\">\n<tbody>\n<tr>\n<td><a class=\"calltoaction smaller\" href=\"https:\/\/www.puigvelaclassica.com\/results\/resulta_2025\/entries_epocabermudian.html\" target=\"_blank\" rel=\"noopener noreferrer\">INSCRITOS<\/a><\/td>\n<td><a class=\"calltoaction smaller\" href=\"https:\/\/www.puigvelaclassica.com\/results\/resulta_2025\/results_race_01_epocabermudian.html\" target=\"_blank\" rel=\"noopener noreferrer\">PRUEBA 1<\/a><\/td>\n<td><a class=\"calltoaction smaller\" href=\"http:\/\/www.puigvelaclassica.com\/results\/resulta_2025\/results_race_02_epocabermudian.html\" target=\"_blank\" rel=\"noopener noreferrer\">PRUEBA 2<\/a><\/td>\n<td><!--<a class=\"calltoaction smaller\" href=\"http:\/\/www.puigvelaclassica.com\/results\/resulta_2025\/results_race_03_epocabermudian.html\" target=\"_blank\" rel=\"noopener noreferrer\">PRUEBA 3<\/a><\/td>\n\n--><\/p>\n<td><a class=\"calltoaction smaller\" href=\"http:\/\/www.puigvelaclassica.com\/results\/resulta_2025\/overall_epocabermudian.html\" target=\"_blank\" rel=\"noopener noreferrer\">GENERAL<\/a><\/td>\n<\/tr>\n<\/tbody>\n<\/table>\n<hr \/>\n<h3>\u00c9POCA CANGREJA<\/h3>\n<p><a class=\"calltoaction light smaller\" href=\"https:\/\/estela.co\/en\/tracking-competition\/432\/puig-vela-classica-barcelona-xviii-edition\" target=\"_blank\" rel=\"noopener noreferrer\">Tracking en vivo<\/a><\/p>\n<table class=\"vela\">\n<tbody>\n<tr>\n<td><a class=\"calltoaction smaller\" href=\"https:\/\/www.puigvelaclassica.com\/results\/resulta_2025\/entries_epocacangreja.html\" target=\"_blank\" rel=\"noopener noreferrer\">INSCRITOS<\/a><\/td>\n<td><a class=\"calltoaction smaller\" href=\"https:\/\/www.puigvelaclassica.com\/results\/resulta_2025\/results_race_01_epocacangreja.html\" target=\"_blank\" rel=\"noopener noreferrer\">PRUEBA 1<\/a><\/td>\n<td><a class=\"calltoaction smaller\" href=\"http:\/\/www.puigvelaclassica.com\/results\/resulta_2025\/results_race_02_epocacangreja.html\" target=\"_blank\" rel=\"noopener noreferrer\">PRUEBA 2<\/a><\/td>\n<td><!--<a class=\"calltoaction smaller\" href=\"http:\/\/www.puigvelaclassica.com\/results\/resulta_2025\/results_race_03_epocacangreja.html\" target=\"_blank\" rel=\"noopener noreferrer\">PRUEBA 3<\/a> <\/td>\n\n--><\/p>\n<td><a class=\"calltoaction smaller\" href=\"http:\/\/www.puigvelaclassica.com\/results\/resulta_2025\/overall_epocacangreja.html\" target=\"_blank\" rel=\"noopener noreferrer\">GENERAL<\/a><\/td>\n<\/tr>\n<\/tbody>\n<\/table>\n<hr \/>\n<h3>MODERN CLASSIC<\/h3>\n<p><a class=\"calltoaction light smaller\" href=\"https:\/\/estela.co\/en\/tracking-competition\/432\/puig-vela-classica-barcelona-xviii-edition\" target=\"_blank\" rel=\"noopener noreferrer\">Tracking en vivo<\/a><\/p>\n<table class=\"vela\">\n<tbody>\n<tr>\n<td><a class=\"calltoaction smaller\" href=\"https:\/\/www.puigvelaclassica.com\/results\/resulta_2025\/entries_modern-classic.html\" target=\"_blank\" rel=\"noopener noreferrer\">INSCRITOS<\/a><\/td>\n<td><a class=\"calltoaction smaller\" href=\"https:\/\/www.puigvelaclassica.com\/results\/resulta_2025\/results_race_01_modern-classic.html\" target=\"_blank\" rel=\"noopener noreferrer\">PRUEBA 1<\/a><\/td>\n<td><a class=\"calltoaction smaller\" href=\"http:\/\/www.puigvelaclassica.com\/results\/resulta_2025\/results_race_02_modern-classic.html\" target=\"_blank\" rel=\"noopener noreferrer\">PRUEBA 2<\/a><\/td>\n<td><!--<a class=\"calltoaction smaller\" href=\"http:\/\/www.puigvelaclassica.com\/results\/resulta_2025\/results_race_03_modern-classic.html\" target=\"_blank\" rel=\"noopener noreferrer\">PRUEBA 3<\/a><\/td>\n\n--><\/p>\n<td><a class=\"calltoaction smaller\" href=\"http:\/\/www.puigvelaclassica.com\/results\/resulta_2025\/overall_modern-classic.html\" target=\"_blank\" rel=\"noopener noreferrer\">GENERAL<\/a><\/td>\n<\/tr>\n<\/tbody>\n<\/table>\n<p><!--\n\n\n<h3>12M - DIVISI\u00d3N A<\/h3>\n\n\n<a class=\"calltoaction light smaller\" href=https:\/\/estela.co\/en\/tracking-race\/14167\/regata-puig-vel-clasica-r7-12m-2\" target=\"_blank\" rel=\"noopener noreferrer\">Tracking en vivo<\/a>\n\n\n<table class=\"vela\">\n\n\n<tbody>\n\n\n<tr>\n\n\n<td><a class=\"calltoaction smaller\" href=\"http:\/\/www.puigvelaclassica.com\/results\/resulta_2024\/overall_12m-diva.html\" target=\"_blank\" rel=\"noopener noreferrer\">GENERAL<\/a><\/td>\n\n\n<\/tr>\n\n\n<\/tbody>\n\n\n<\/table>\n\n\n\n\n\n<hr \/>\n\n\n\n\n\n<h3>12M - DIVISI\u00d3N D<\/h3>\n\n\n<a class=\"calltoaction light smaller\" href=\"https:\/\/estela.co\/en\/tracking-race\/14167\/regata-puig-vel-clasica-r7-12m-2\" target=\"_blank\" rel=\"noopener noreferrer\">Tracking en vivo<\/a>\n\n\n<table class=\"vela\">\n\n\n<tbody>\n\n\n<tr>\n\n\n<td><a class=\"calltoaction smaller\" href=\"http:\/\/www.puigvelaclassica.com\/results\/resulta_2024\/overall_12m-divd.html\" target=\"_blank\" rel=\"noopener noreferrer\">GENERAL<\/a><\/td>\n\n\n<\/tr>\n\n\n<\/tbody>\n\n\n<\/table>\n\n\n\n\n\n<hr \/>\n\n\n\n\n<h3>CL\u00c1SICOS 2<\/h3>\n\n\n<a class=\"calltoaction light smaller\" href=\"https:\/\/estela.co\/en\/tracking-race\/14160\/regata-puig-vela-clasica-r3-clasicos-clasicos-ior-modern-classics\" target=\"_blank\" rel=\"noopener noreferrer\">Tracking en vivo<\/a>\n\n\n<table class=\"vela\">\n\n\n<tbody>\n\n\n<tr>\n\n\n<td><a class=\"calltoaction smaller\" href=\"http:\/\/www.puigvelaclassica.com\/results\/resulta_2024\/results_race_01_clasicos2.html\" target=\"_blank\" rel=\"noopener noreferrer\">PRUEBA 1<\/a><\/td>\n\n\n\n\n<td><a class=\"calltoaction smaller\" href=\"http:\/\/www.puigvelaclassica.com\/results\/resulta_2024\/results_race_02_clasicos2.html\" target=\"_blank\" rel=\"noopener noreferrer\">PRUEBA 2<\/a><\/td>\n\n\n\n\n<td><a class=\"calltoaction smaller\" href=\"http:\/\/www.puigvelaclassica.com\/results\/resulta_2024\/results_race_03_clasicos2.html\" target=\"_blank\" rel=\"noopener noreferrer\">PRUEBA 3<\/a><\/td>\n\n\n\n\n<td><a class=\"calltoaction smaller\" href=\"http:\/\/www.puigvelaclassica.com\/results\/resulta_2024\/overall_clasicos2.html\" target=\"_blank\" rel=\"noopener noreferrer\">GENERAL<\/a><\/td>\n\n\n<\/tr>\n\n\n<\/tbody>\n\n\n<\/table>\n\n\n\n\n\n<hr \/>\n\n\n\n\n\n<h3>CLASSIC IOR<\/h3>\n\n\n<a class=\"calltoaction light smaller\" href=\"https:\/\/estela.co\/en\/tracking-race\/14160\/regata-puig-vela-clasica-r3-clasicos-clasicos-ior-modern-classics\" target=\"_blank\" rel=\"noopener noreferrer\">Tracking en vivo<\/a>\n\n\n<table class=\"vela\">\n\n\n<tbody>\n\n\n<tr>\n\n\n<td><a class=\"calltoaction smaller\" href=\"http:\/\/www.puigvelaclassica.com\/results\/resulta_2024\/results_race_01_classic-ior.html\" target=\"_blank\" rel=\"noopener noreferrer\">PRUEBA 1<\/a><\/td>\n\n\n\n\n<td><a class=\"calltoaction smaller\" href=\"http:\/\/www.puigvelaclassica.com\/results\/resulta_2024\/results_race_02_classic-ior.html\" target=\"_blank\" rel=\"noopener noreferrer\">PRUEBA 2<\/a><\/td>\n\n\n\n\n<td><a class=\"calltoaction smaller\" href=\"http:\/\/www.puigvelaclassica.com\/results\/resulta_2024\/results_race_03_classic-ior.html\" target=\"_blank\" rel=\"noopener noreferrer\">PRUEBA 3<\/a > <\/td >\n\n\n<td><a class=\"calltoaction smaller\" href=\"http:\/\/www.puigvelaclassica.com\/results\/resulta_2024\/overall_classic-ior.html\" target=\"_blank\" rel=\"noopener noreferrer\">GENERAL<\/a><\/td>\n\n\n<\/tr>\n\n\n<\/tbody>\n\n\n<\/table>\n\n\n\n\n\n<hr \/>\n\n\n\n\n<h3>\u00c9POCA CANGREJA - CLASE P<\/h3>\n\n\n<a class=\"calltoaction light smaller\" href=\"https:\/\/estela.co\/en\/tracking-race\/14163\/regata-puig-vela-clasica-r3-epoca-cangreja-p\" target=\"_blank\" rel=\"noopener noreferrer\">Tracking en vivo<\/a>\n\n\n<table class=\"vela\">\n\n\n<tbody>\n\n\n<tr>\n\n\n<td><a class=\"calltoaction smaller\" href=\"http:\/\/www.puigvelaclassica.com\/results\/resulta_2024\/results_race_01_epocacangrejap.html\" target=\"_blank\" rel=\"noopener noreferrer\">PRUEBA 1<\/a><\/td>\n\n\n\n\n<td><a class=\"calltoaction smaller\" href=\"http:\/\/www.puigvelaclassica.com\/results\/resulta_2024\/results_race_02_epocacangrejap.html\" target=\"_blank\" rel=\"noopener noreferrer\">PRUEBA 2<\/a><\/td>\n\n\n\n\n<td><a class=\"calltoaction smaller\" href=\"http:\/\/www.puigvelaclassica.com\/results\/resulta_2024\/results_race_03_epocacangrejap.html\" target=\"_blank\" rel=\"noopener noreferrer\">PRUEBA 3<\/a><\/td>\n\n\n\n\n<td><a class=\"calltoaction smaller\" href=\"http:\/\/www.puigvelaclassica.com\/results\/resulta_2024\/overall_epocacangrejap.html\" target=\"_blank\" rel=\"noopener noreferrer\">GENERAL<\/a><\/td>\n\n\n<\/tr>\n\n\n<\/tbody>\n\n\n<\/table>\n\n\n\n\n\n<hr \/>\n\n\n--><\/p>\n","protected":false},"excerpt":{"rendered":"<p>Tracking de todas las regatas BIG BOAT Tracking en vivo INSCRITOS PRUEBA 1 PRUEBA 2 GENERAL CL\u00c1SICOS 1 Tracking en vivo INSCRITOS PRUEBA 1 PRUEBA 2 GENERAL CL\u00c1SICOS 2 Tracking en vivo INSCRITOS PRUEBA 1 PRUEBA 2 GENERAL \u00c9POCA BERMUDIAN Tracking en vivo INSCRITOS PRUEBA 1 PRUEBA 2 GENERAL \u00c9POCA CANGREJA Tracking en vivo INSCRITOS [&hellip;]<\/p>\n","protected":false},"author":1,"featured_media":0,"parent":0,"menu_order":0,"comment_status":"closed","ping_status":"closed","template":"page-centered.php","meta":{"_acf_changed":false,"footnotes":""},"class_list":["post-38","page","type-page","status-publish","hentry"],"acf":[],"yoast_head":"<!-- This site is optimized with the Yoast SEO plugin v25.6 - https:\/\/yoast.com\/wordpress\/plugins\/seo\/ -->\n<title>Clasificaciones - Puig Vela Cl\u00e0ssica Barcelona<\/title>\n<meta name=\"robots\" content=\"index, follow, max-snippet:-1, max-image-preview:large, max-video-preview:-1\" \/>\n<link rel=\"canonical\" href=\"https:\/\/puigvelaclassica.com\/es\/clasificaciones\/\" \/>\n<meta property=\"og:locale\" content=\"es_ES\" \/>\n<meta property=\"og:type\" content=\"article\" \/>\n<meta property=\"og:title\" content=\"Clasificaciones - Puig Vela Cl\u00e0ssica Barcelona\" \/>\n<meta property=\"og:description\" content=\"Tracking de todas las regatas BIG BOAT Tracking en vivo INSCRITOS PRUEBA 1 PRUEBA 2 GENERAL CL\u00c1SICOS 1 Tracking en vivo INSCRITOS PRUEBA 1 PRUEBA 2 GENERAL CL\u00c1SICOS 2 Tracking en vivo INSCRITOS PRUEBA 1 PRUEBA 2 GENERAL \u00c9POCA BERMUDIAN Tracking en vivo INSCRITOS PRUEBA 1 PRUEBA 2 GENERAL \u00c9POCA CANGREJA Tracking en vivo INSCRITOS [&hellip;]\" \/>\n<meta property=\"og:url\" content=\"https:\/\/puigvelaclassica.com\/es\/clasificaciones\/\" \/>\n<meta property=\"og:site_name\" content=\"Puig Vela Cl\u00e0ssica Barcelona\" \/>\n<meta property=\"article:modified_time\" content=\"2025-07-12T08:52:09+00:00\" \/>\n<meta name=\"twitter:card\" content=\"summary_large_image\" \/>\n<meta name=\"twitter:label1\" content=\"Tiempo de lectura\" \/>\n\t<meta name=\"twitter:data1\" content=\"1 minuto\" \/>\n<script type=\"application\/ld+json\" class=\"yoast-schema-graph\">{\"@context\":\"https:\/\/schema.org\",\"@graph\":[{\"@type\":\"WebPage\",\"@id\":\"https:\/\/puigvelaclassica.com\/es\/clasificaciones\/\",\"url\":\"https:\/\/puigvelaclassica.com\/es\/clasificaciones\/\",\"name\":\"Clasificaciones - Puig Vela Cl\u00e0ssica Barcelona\",\"isPartOf\":{\"@id\":\"https:\/\/puigvelaclassica.com\/#website\"},\"datePublished\":\"2024-01-15T21:33:12+00:00\",\"dateModified\":\"2025-07-12T08:52:09+00:00\",\"breadcrumb\":{\"@id\":\"https:\/\/puigvelaclassica.com\/es\/clasificaciones\/#breadcrumb\"},\"inLanguage\":\"es\",\"potentialAction\":[{\"@type\":\"ReadAction\",\"target\":[\"https:\/\/puigvelaclassica.com\/es\/clasificaciones\/\"]}]},{\"@type\":\"BreadcrumbList\",\"@id\":\"https:\/\/puigvelaclassica.com\/es\/clasificaciones\/#breadcrumb\",\"itemListElement\":[{\"@type\":\"ListItem\",\"position\":1,\"name\":\"Home\",\"item\":\"https:\/\/www.puigvelaclasica.com\/es\/\"},{\"@type\":\"ListItem\",\"position\":2,\"name\":\"Clasificaciones\"}]},{\"@type\":\"WebSite\",\"@id\":\"https:\/\/puigvelaclassica.com\/#website\",\"url\":\"https:\/\/puigvelaclassica.com\/\",\"name\":\"Puig Vela Cl\u00e0ssica Barcelona\",\"description\":\"\",\"potentialAction\":[{\"@type\":\"SearchAction\",\"target\":{\"@type\":\"EntryPoint\",\"urlTemplate\":\"https:\/\/puigvelaclassica.com\/?s={search_term_string}\"},\"query-input\":{\"@type\":\"PropertyValueSpecification\",\"valueRequired\":true,\"valueName\":\"search_term_string\"}}],\"inLanguage\":\"es\"}]}<\/script>\n<!-- \/ Yoast SEO plugin. -->","yoast_head_json":{"title":"Clasificaciones - Puig Vela Cl\u00e0ssica Barcelona","robots":{"index":"index","follow":"follow","max-snippet":"max-snippet:-1","max-image-preview":"max-image-preview:large","max-video-preview":"max-video-preview:-1"},"canonical":"https:\/\/puigvelaclassica.com\/es\/clasificaciones\/","og_locale":"es_ES","og_type":"article","og_title":"Clasificaciones - Puig Vela Cl\u00e0ssica Barcelona","og_description":"Tracking de todas las regatas BIG BOAT Tracking en vivo INSCRITOS PRUEBA 1 PRUEBA 2 GENERAL CL\u00c1SICOS 1 Tracking en vivo INSCRITOS PRUEBA 1 PRUEBA 2 GENERAL CL\u00c1SICOS 2 Tracking en vivo INSCRITOS PRUEBA 1 PRUEBA 2 GENERAL \u00c9POCA BERMUDIAN Tracking en vivo INSCRITOS PRUEBA 1 PRUEBA 2 GENERAL \u00c9POCA CANGREJA Tracking en vivo INSCRITOS [&hellip;]","og_url":"https:\/\/puigvelaclassica.com\/es\/clasificaciones\/","og_site_name":"Puig Vela Cl\u00e0ssica Barcelona","article_modified_time":"2025-07-12T08:52:09+00:00","twitter_card":"summary_large_image","twitter_misc":{"Tiempo de lectura":"1 minuto"},"schema":{"@context":"https:\/\/schema.org","@graph":[{"@type":"WebPage","@id":"https:\/\/puigvelaclassica.com\/es\/clasificaciones\/","url":"https:\/\/puigvelaclassica.com\/es\/clasificaciones\/","name":"Clasificaciones - Puig Vela Cl\u00e0ssica Barcelona","isPartOf":{"@id":"https:\/\/puigvelaclassica.com\/#website"},"datePublished":"2024-01-15T21:33:12+00:00","dateModified":"2025-07-12T08:52:09+00:00","breadcrumb":{"@id":"https:\/\/puigvelaclassica.com\/es\/clasificaciones\/#breadcrumb"},"inLanguage":"es","potentialAction":[{"@type":"ReadAction","target":["https:\/\/puigvelaclassica.com\/es\/clasificaciones\/"]}]},{"@type":"BreadcrumbList","@id":"https:\/\/puigvelaclassica.com\/es\/clasificaciones\/#breadcrumb","itemListElement":[{"@type":"ListItem","position":1,"name":"Home","item":"https:\/\/www.puigvelaclasica.com\/es\/"},{"@type":"ListItem","position":2,"name":"Clasificaciones"}]},{"@type":"WebSite","@id":"https:\/\/puigvelaclassica.com\/#website","url":"https:\/\/puigvelaclassica.com\/","name":"Puig Vela Cl\u00e0ssica Barcelona","description":"","potentialAction":[{"@type":"SearchAction","target":{"@type":"EntryPoint","urlTemplate":"https:\/\/puigvelaclassica.com\/?s={search_term_string}"},"query-input":{"@type":"PropertyValueSpecification","valueRequired":true,"valueName":"search_term_string"}}],"inLanguage":"es"}]}},"_links":{"self":[{"href":"https:\/\/puigvelaclassica.com\/es\/wp-json\/wp\/v2\/pages\/38","targetHints":{"allow":["GET"]}}],"collection":[{"href":"https:\/\/puigvelaclassica.com\/es\/wp-json\/wp\/v2\/pages"}],"about":[{"href":"https:\/\/puigvelaclassica.com\/es\/wp-json\/wp\/v2\/types\/page"}],"author":[{"embeddable":true,"href":"https:\/\/puigvelaclassica.com\/es\/wp-json\/wp\/v2\/users\/1"}],"replies":[{"embeddable":true,"href":"https:\/\/puigvelaclassica.com\/es\/wp-json\/wp\/v2\/comments?post=38"}],"version-history":[{"count":49,"href":"https:\/\/puigvelaclassica.com\/es\/wp-json\/wp\/v2\/pages\/38\/revisions"}],"predecessor-version":[{"id":8613,"href":"https:\/\/puigvelaclassica.com\/es\/wp-json\/wp\/v2\/pages\/38\/revisions\/8613"}],"wp:attachment":[{"href":"https:\/\/puigvelaclassica.com\/es\/wp-json\/wp\/v2\/media?parent=38"}],"curies":[{"name":"wp","href":"https:\/\/api.w.org\/{rel}","templated":true}]}}