{"id":9,"date":"2024-01-15T15:56:33","date_gmt":"2024-01-15T15:56:33","guid":{"rendered":"https:\/\/labs.100x100.net\/projects\/velaclassica\/home\/"},"modified":"2025-09-04T07:20:20","modified_gmt":"2025-09-04T07:20:20","slug":"home","status":"publish","type":"page","link":"https:\/\/puigvelaclassica.com\/es\/","title":{"rendered":"Home"},"content":{"rendered":"","protected":false},"excerpt":{"rendered":"","protected":false},"author":1,"featured_media":0,"parent":0,"menu_order":0,"comment_status":"closed","ping_status":"closed","template":"page-home.php","meta":{"_acf_changed":false,"footnotes":""},"class_list":["post-9","page","type-page","status-publish","hentry"],"acf":[],"yoast_head":"<!-- This site is optimized with the Yoast SEO plugin v25.6 - https:\/\/yoast.com\/wordpress\/plugins\/seo\/ -->\n<title>Puig Vela Cl\u00e0ssica Barcelona<\/title>\n<meta name=\"description\" content=\"Cada a\u00f1o, la Regata PUIG VELA CL\u00c0SSICA BARCELONA re\u00fane a la \u00e9lite de veleros cl\u00e1sicos y de \u00e9poca en aguas barcelonesas.\" \/>\n<meta name=\"robots\" content=\"index, follow, max-snippet:-1, max-image-preview:large, max-video-preview:-1\" \/>\n<link rel=\"canonical\" href=\"https:\/\/puigvelaclassica.com\/es\/\" \/>\n<meta property=\"og:locale\" content=\"es_ES\" \/>\n<meta property=\"og:type\" content=\"article\" \/>\n<meta property=\"og:title\" content=\"Puig Vela Cl\u00e0ssica Barcelona\" \/>\n<meta property=\"og:description\" content=\"Cada a\u00f1o, la Regata PUIG VELA CL\u00c0SSICA BARCELONA re\u00fane a la \u00e9lite de veleros cl\u00e1sicos y de \u00e9poca en aguas barcelonesas.\" \/>\n<meta property=\"og:url\" content=\"https:\/\/puigvelaclassica.com\/es\/\" \/>\n<meta property=\"og:site_name\" content=\"Puig Vela Cl\u00e0ssica Barcelona\" \/>\n<meta property=\"article:modified_time\" content=\"2025-09-04T07:20:20+00:00\" \/>\n<meta name=\"twitter:card\" content=\"summary_large_image\" \/>\n<script type=\"application\/ld+json\" class=\"yoast-schema-graph\">{\"@context\":\"https:\/\/schema.org\",\"@graph\":[{\"@type\":\"WebPage\",\"@id\":\"https:\/\/puigvelaclassica.com\/es\/\",\"url\":\"https:\/\/puigvelaclassica.com\/es\/\",\"name\":\"Puig Vela Cl\u00e0ssica Barcelona\",\"isPartOf\":{\"@id\":\"https:\/\/www.puigvelaclassica.com\/#website\"},\"datePublished\":\"2024-01-15T15:56:33+00:00\",\"dateModified\":\"2025-09-04T07:20:20+00:00\",\"description\":\"Cada a\u00f1o, la Regata PUIG VELA CL\u00c0SSICA BARCELONA re\u00fane a la \u00e9lite de veleros cl\u00e1sicos y de \u00e9poca en aguas barcelonesas.\",\"breadcrumb\":{\"@id\":\"https:\/\/puigvelaclassica.com\/es\/#breadcrumb\"},\"inLanguage\":\"es\",\"potentialAction\":[{\"@type\":\"ReadAction\",\"target\":[\"https:\/\/puigvelaclassica.com\/es\/\"]}]},{\"@type\":\"BreadcrumbList\",\"@id\":\"https:\/\/puigvelaclassica.com\/es\/#breadcrumb\",\"itemListElement\":[{\"@type\":\"ListItem\",\"position\":1,\"name\":\"Home\",\"item\":\"https:\/\/www.puigvelaclassica.com\/es\/\"},{\"@type\":\"ListItem\",\"position\":2,\"name\":\"Home\"}]},{\"@type\":\"WebSite\",\"@id\":\"https:\/\/www.puigvelaclassica.com\/#website\",\"url\":\"https:\/\/www.puigvelaclassica.com\/\",\"name\":\"Puig Vela Cl\u00e0ssica Barcelona\",\"description\":\"\",\"potentialAction\":[{\"@type\":\"SearchAction\",\"target\":{\"@type\":\"EntryPoint\",\"urlTemplate\":\"https:\/\/www.puigvelaclassica.com\/?s={search_term_string}\"},\"query-input\":{\"@type\":\"PropertyValueSpecification\",\"valueRequired\":true,\"valueName\":\"search_term_string\"}}],\"inLanguage\":\"es\"}]}<\/script>\n<!-- \/ Yoast SEO plugin. -->","yoast_head_json":{"title":"Puig Vela Cl\u00e0ssica Barcelona","description":"Cada a\u00f1o, la Regata PUIG VELA CL\u00c0SSICA BARCELONA re\u00fane a la \u00e9lite de veleros cl\u00e1sicos y de \u00e9poca en aguas barcelonesas.","robots":{"index":"index","follow":"follow","max-snippet":"max-snippet:-1","max-image-preview":"max-image-preview:large","max-video-preview":"max-video-preview:-1"},"canonical":"https:\/\/puigvelaclassica.com\/es\/","og_locale":"es_ES","og_type":"article","og_title":"Puig Vela Cl\u00e0ssica Barcelona","og_description":"Cada a\u00f1o, la Regata PUIG VELA CL\u00c0SSICA BARCELONA re\u00fane a la \u00e9lite de veleros cl\u00e1sicos y de \u00e9poca en aguas barcelonesas.","og_url":"https:\/\/puigvelaclassica.com\/es\/","og_site_name":"Puig Vela Cl\u00e0ssica Barcelona","article_modified_time":"2025-09-04T07:20:20+00:00","twitter_card":"summary_large_image","schema":{"@context":"https:\/\/schema.org","@graph":[{"@type":"WebPage","@id":"https:\/\/puigvelaclassica.com\/es\/","url":"https:\/\/puigvelaclassica.com\/es\/","name":"Puig Vela Cl\u00e0ssica Barcelona","isPartOf":{"@id":"https:\/\/www.puigvelaclassica.com\/#website"},"datePublished":"2024-01-15T15:56:33+00:00","dateModified":"2025-09-04T07:20:20+00:00","description":"Cada a\u00f1o, la Regata PUIG VELA CL\u00c0SSICA BARCELONA re\u00fane a la \u00e9lite de veleros cl\u00e1sicos y de \u00e9poca en aguas barcelonesas.","breadcrumb":{"@id":"https:\/\/puigvelaclassica.com\/es\/#breadcrumb"},"inLanguage":"es","potentialAction":[{"@type":"ReadAction","target":["https:\/\/puigvelaclassica.com\/es\/"]}]},{"@type":"BreadcrumbList","@id":"https:\/\/puigvelaclassica.com\/es\/#breadcrumb","itemListElement":[{"@type":"ListItem","position":1,"name":"Home","item":"https:\/\/www.puigvelaclassica.com\/es\/"},{"@type":"ListItem","position":2,"name":"Home"}]},{"@type":"WebSite","@id":"https:\/\/www.puigvelaclassica.com\/#website","url":"https:\/\/www.puigvelaclassica.com\/","name":"Puig Vela Cl\u00e0ssica Barcelona","description":"","potentialAction":[{"@type":"SearchAction","target":{"@type":"EntryPoint","urlTemplate":"https:\/\/www.puigvelaclassica.com\/?s={search_term_string}"},"query-input":{"@type":"PropertyValueSpecification","valueRequired":true,"valueName":"search_term_string"}}],"inLanguage":"es"}]}},"_links":{"self":[{"href":"https:\/\/puigvelaclassica.com\/es\/wp-json\/wp\/v2\/pages\/9","targetHints":{"allow":["GET"]}}],"collection":[{"href":"https:\/\/puigvelaclassica.com\/es\/wp-json\/wp\/v2\/pages"}],"about":[{"href":"https:\/\/puigvelaclassica.com\/es\/wp-json\/wp\/v2\/types\/page"}],"author":[{"embeddable":true,"href":"https:\/\/puigvelaclassica.com\/es\/wp-json\/wp\/v2\/users\/1"}],"replies":[{"embeddable":true,"href":"https:\/\/puigvelaclassica.com\/es\/wp-json\/wp\/v2\/comments?post=9"}],"version-history":[{"count":6,"href":"https:\/\/puigvelaclassica.com\/es\/wp-json\/wp\/v2\/pages\/9\/revisions"}],"predecessor-version":[{"id":8664,"href":"https:\/\/puigvelaclassica.com\/es\/wp-json\/wp\/v2\/pages\/9\/revisions\/8664"}],"wp:attachment":[{"href":"https:\/\/puigvelaclassica.com\/es\/wp-json\/wp\/v2\/media?parent=9"}],"curies":[{"name":"wp","href":"https:\/\/api.w.org\/{rel}","templated":true}]}}