{"id":98,"date":"2024-01-15T22:05:56","date_gmt":"2024-01-15T22:05:56","guid":{"rendered":"https:\/\/labs.100x100.net\/projects\/velaclassica\/?page_id=98"},"modified":"2025-03-19T20:18:43","modified_gmt":"2025-03-19T20:18:43","slug":"lista-de-participantes","status":"publish","type":"page","link":"https:\/\/puigvelaclassica.com\/es\/lista-de-participantes\/","title":{"rendered":"Lista de participantes"},"content":{"rendered":"<h3>12M &#8211; DIVISI\u00d3N A<\/h3>\n<table class=\"vela\">\n<tbody>\n<tr>\n<td><a class=\"calltoaction smaller\" href=\"https:\/\/www.puigvelaclassica.com\/results\/resulta_2024\/entries_12m-diva.html\" target=\"_blank\" rel=\"noopener noreferrer\">Participantes<\/a><\/td>\n<\/tr>\n<\/tbody>\n<\/table>\n<hr>\n<h3>12M &#8211; DIVISI\u00d3N D<\/h3>\n<table class=\"vela\">\n<tbody>\n<tr>\n<td><a class=\"calltoaction smaller\" href=\"https:\/\/www.puigvelaclassica.com\/results\/resulta_2024\/entries_12m-divd.html\" target=\"_blank\" rel=\"noopener noreferrer\">Participantes<\/a><\/td>\n<\/tr>\n<\/tbody>\n<\/table>\n<hr>\n<h3>\u00c9POCA BERMUDIAN<\/h3>\n<table class=\"vela\">\n<tbody>\n<tr>\n<td><a class=\"calltoaction smaller\" href=\"https:\/\/www.puigvelaclassica.com\/results\/resulta_2024\/entries_epocabermudian.html\" target=\"_blank\" rel=\"noopener noreferrer\">Participantes<\/a><\/td>\n<\/tr>\n<\/tbody>\n<\/table>\n<hr>\n<h3>\u00c9POCA CANGREJA<\/h3>\n<table class=\"vela\">\n<tbody>\n<tr>\n<td><a class=\"calltoaction smaller\" href=\"https:\/\/www.puigvelaclassica.com\/results\/resulta_2024\/entries_epocacangreja.html\" target=\"_blank\" rel=\"noopener noreferrer\">Participantes<\/a><\/td>\n<\/tr>\n<\/tbody>\n<\/table>\n<hr>\n<h3>\u00c9POCA CANGREJA &#8211; CLASE P<\/h3>\n<table class=\"vela\">\n<tbody>\n<tr>\n<td><a class=\"calltoaction smaller\" href=\"https:\/\/www.puigvelaclassica.com\/results\/resulta_2024\/entries_epocacangrejap.html\" target=\"_blank\" rel=\"noopener noreferrer\">Participantes<\/a><\/td>\n<\/tr>\n<\/tbody>\n<\/table>\n<hr>\n<h3>CL\u00c1SICOS 1<\/h3>\n<table class=\"vela\">\n<tbody>\n<tr>\n<td><a class=\"calltoaction smaller\" href=\"http:\/\/www.puigvelaclassica.com\/results\/resulta_2024\/entries_clasicos1.html\" target=\"_blank\" rel=\"noopener noreferrer\">Participantes<\/a><\/td>\n<\/tr>\n<\/tbody>\n<\/table>\n<hr>\n<h3>CL\u00c1SICOS 2<\/h3>\n<table class=\"vela\">\n<tbody>\n<tr>\n<td><a class=\"calltoaction smaller\" href=\"http:\/\/www.puigvelaclassica.com\/results\/resulta_2024\/entries_clasicos2.html\" target=\"_blank\" rel=\"noopener noreferrer\">Participantes<\/a><\/td>\n<\/tr>\n<\/tbody>\n<\/table>\n<hr>\n<h3>CLASSIC IOR<\/h3>\n<table class=\"vela\">\n<tbody>\n<tr>\n<td><a class=\"calltoaction smaller\" href=\"http:\/\/www.puigvelaclassica.com\/results\/resulta_2024\/entries_classic-ior.html\" target=\"_blank\" rel=\"noopener noreferrer\">Participantes<\/a><\/td>\n<\/tr>\n<\/tbody>\n<\/table>\n<hr>\n<h3>MODERN CLASSIC<\/h3>\n<table class=\"vela\">\n<tbody>\n<tr>\n<td><a class=\"calltoaction smaller\" href=\"http:\/\/www.puigvelaclassica.com\/results\/resulta_2024\/entries_modern-classic.html\" target=\"_blank\" rel=\"noopener noreferrer\">Participantes<\/a><\/td>\n<\/tr>\n<\/tbody>\n<\/table>\n<hr>\n<h3>BIG BOAT<\/h3>\n<table class=\"vela\">\n<tbody>\n<tr>\n<td><a class=\"calltoaction smaller\" href=\"http:\/\/www.puigvelaclassica.com\/results\/resulta_2024\/entries_bigboat.html\" target=\"_blank\" rel=\"noopener noreferrer\">Participantes<\/a><\/td>\n<\/tr>\n<\/tbody>\n<\/table>\n","protected":false},"excerpt":{"rendered":"<p>12M &#8211; DIVISI\u00d3N A Participantes 12M &#8211; DIVISI\u00d3N D Participantes \u00c9POCA BERMUDIAN Participantes \u00c9POCA CANGREJA Participantes \u00c9POCA CANGREJA &#8211; CLASE P Participantes CL\u00c1SICOS 1 Participantes CL\u00c1SICOS 2 Participantes CLASSIC IOR Participantes MODERN CLASSIC Participantes BIG BOAT Participantes<\/p>\n","protected":false},"author":1,"featured_media":7051,"parent":0,"menu_order":0,"comment_status":"closed","ping_status":"closed","template":"page-entrylist.php","meta":{"_acf_changed":false,"footnotes":""},"class_list":["post-98","page","type-page","status-publish","has-post-thumbnail","hentry"],"acf":[],"yoast_head":"<!-- This site is optimized with the Yoast SEO plugin v25.6 - https:\/\/yoast.com\/wordpress\/plugins\/seo\/ -->\n<title>Lista de participantes - Puig Vela Cl\u00e0ssica Barcelona<\/title>\n<meta name=\"description\" content=\"Consulta la lista completa de participantes para la pr\u00f3xima Puig Vela Cl\u00e0ssica Barcelona en las categor\u00edas: \u00c9poca Cangreja, \u00c9poca Bermudiana, Cl\u00e1sicos, Cl\u00e1sicos IOR, Big Boat, Modern Classic\" \/>\n<meta name=\"robots\" content=\"index, follow, max-snippet:-1, max-image-preview:large, max-video-preview:-1\" \/>\n<link rel=\"canonical\" href=\"https:\/\/puigvelaclassica.com\/es\/lista-de-participantes\/\" \/>\n<meta property=\"og:locale\" content=\"es_ES\" \/>\n<meta property=\"og:type\" content=\"article\" \/>\n<meta property=\"og:title\" content=\"Lista de participantes - Puig Vela Cl\u00e0ssica Barcelona\" \/>\n<meta property=\"og:description\" content=\"Consulta la lista completa de participantes para la pr\u00f3xima Puig Vela Cl\u00e0ssica Barcelona en las categor\u00edas: \u00c9poca Cangreja, \u00c9poca Bermudiana, Cl\u00e1sicos, Cl\u00e1sicos IOR, Big Boat, Modern Classic\" \/>\n<meta property=\"og:url\" content=\"https:\/\/puigvelaclassica.com\/es\/lista-de-participantes\/\" \/>\n<meta property=\"og:site_name\" content=\"Puig Vela Cl\u00e0ssica Barcelona\" \/>\n<meta property=\"article:modified_time\" content=\"2025-03-19T20:18:43+00:00\" \/>\n<meta property=\"og:image\" content=\"https:\/\/hundreds-wordpress-uploads.s3.amazonaws.com\/velaclassica\/uploads\/2019\/07\/XI-Edicio\u0301n-Regata-Puig-Vela-Cla\u0300ssica-Barcelona_2-e1562844487788-1024x643.jpeg\" \/>\n<meta name=\"twitter:card\" content=\"summary_large_image\" \/>\n<meta name=\"twitter:image\" content=\"https:\/\/hundreds-wordpress-uploads.s3.amazonaws.com\/velaclassica\/uploads\/2019\/07\/XI-Edicio\u0301n-Regata-Puig-Vela-Cla\u0300ssica-Barcelona_2-e1562844487788-1024x643.jpeg\" \/>\n<meta name=\"twitter:label1\" content=\"Tiempo de lectura\" \/>\n\t<meta name=\"twitter:data1\" content=\"1 minuto\" \/>\n<script type=\"application\/ld+json\" class=\"yoast-schema-graph\">{\"@context\":\"https:\/\/schema.org\",\"@graph\":[{\"@type\":\"WebPage\",\"@id\":\"https:\/\/puigvelaclassica.com\/es\/lista-de-participantes\/\",\"url\":\"https:\/\/puigvelaclassica.com\/es\/lista-de-participantes\/\",\"name\":\"Lista de participantes - Puig Vela Cl\u00e0ssica Barcelona\",\"isPartOf\":{\"@id\":\"https:\/\/puigvelaclassica.com\/es\/#website\"},\"primaryImageOfPage\":{\"@id\":\"https:\/\/puigvelaclassica.com\/es\/lista-de-participantes\/#primaryimage\"},\"image\":{\"@id\":\"https:\/\/puigvelaclassica.com\/es\/lista-de-participantes\/#primaryimage\"},\"thumbnailUrl\":\"https:\/\/hundreds-wordpress-uploads.s3.amazonaws.com\/velaclassica\/uploads\/2019\/07\/XI-Edicio\u0301n-Regata-Puig-Vela-Cla\u0300ssica-Barcelona_2-e1562844487788-scaled.jpeg\",\"datePublished\":\"2024-01-15T22:05:56+00:00\",\"dateModified\":\"2025-03-19T20:18:43+00:00\",\"description\":\"Consulta la lista completa de participantes para la pr\u00f3xima Puig Vela Cl\u00e0ssica Barcelona en las categor\u00edas: \u00c9poca Cangreja, \u00c9poca Bermudiana, Cl\u00e1sicos, Cl\u00e1sicos IOR, Big Boat, Modern Classic\",\"breadcrumb\":{\"@id\":\"https:\/\/puigvelaclassica.com\/es\/lista-de-participantes\/#breadcrumb\"},\"inLanguage\":\"es\",\"potentialAction\":[{\"@type\":\"ReadAction\",\"target\":[\"https:\/\/puigvelaclassica.com\/es\/lista-de-participantes\/\"]}]},{\"@type\":\"ImageObject\",\"inLanguage\":\"es\",\"@id\":\"https:\/\/puigvelaclassica.com\/es\/lista-de-participantes\/#primaryimage\",\"url\":\"https:\/\/hundreds-wordpress-uploads.s3.amazonaws.com\/velaclassica\/uploads\/2019\/07\/XI-Edicio\u0301n-Regata-Puig-Vela-Cla\u0300ssica-Barcelona_2-e1562844487788-scaled.jpeg\",\"contentUrl\":\"https:\/\/hundreds-wordpress-uploads.s3.amazonaws.com\/velaclassica\/uploads\/2019\/07\/XI-Edicio\u0301n-Regata-Puig-Vela-Cla\u0300ssica-Barcelona_2-e1562844487788-scaled.jpeg\",\"width\":2560,\"height\":1607},{\"@type\":\"BreadcrumbList\",\"@id\":\"https:\/\/puigvelaclassica.com\/es\/lista-de-participantes\/#breadcrumb\",\"itemListElement\":[{\"@type\":\"ListItem\",\"position\":1,\"name\":\"Home\",\"item\":\"https:\/\/puigvelaclassica.com\/es\/\"},{\"@type\":\"ListItem\",\"position\":2,\"name\":\"Lista de participantes\"}]},{\"@type\":\"WebSite\",\"@id\":\"https:\/\/puigvelaclassica.com\/es\/#website\",\"url\":\"https:\/\/puigvelaclassica.com\/es\/\",\"name\":\"Puig Vela Cl\u00e0ssica Barcelona\",\"description\":\"\",\"potentialAction\":[{\"@type\":\"SearchAction\",\"target\":{\"@type\":\"EntryPoint\",\"urlTemplate\":\"https:\/\/puigvelaclassica.com\/es\/?s={search_term_string}\"},\"query-input\":{\"@type\":\"PropertyValueSpecification\",\"valueRequired\":true,\"valueName\":\"search_term_string\"}}],\"inLanguage\":\"es\"}]}<\/script>\n<!-- \/ Yoast SEO plugin. -->","yoast_head_json":{"title":"Lista de participantes - Puig Vela Cl\u00e0ssica Barcelona","description":"Consulta la lista completa de participantes para la pr\u00f3xima Puig Vela Cl\u00e0ssica Barcelona en las categor\u00edas: \u00c9poca Cangreja, \u00c9poca Bermudiana, Cl\u00e1sicos, Cl\u00e1sicos IOR, Big Boat, Modern Classic","robots":{"index":"index","follow":"follow","max-snippet":"max-snippet:-1","max-image-preview":"max-image-preview:large","max-video-preview":"max-video-preview:-1"},"canonical":"https:\/\/puigvelaclassica.com\/es\/lista-de-participantes\/","og_locale":"es_ES","og_type":"article","og_title":"Lista de participantes - Puig Vela Cl\u00e0ssica Barcelona","og_description":"Consulta la lista completa de participantes para la pr\u00f3xima Puig Vela Cl\u00e0ssica Barcelona en las categor\u00edas: \u00c9poca Cangreja, \u00c9poca Bermudiana, Cl\u00e1sicos, Cl\u00e1sicos IOR, Big Boat, Modern Classic","og_url":"https:\/\/puigvelaclassica.com\/es\/lista-de-participantes\/","og_site_name":"Puig Vela Cl\u00e0ssica Barcelona","article_modified_time":"2025-03-19T20:18:43+00:00","og_image":[{"url":"https:\/\/hundreds-wordpress-uploads.s3.amazonaws.com\/velaclassica\/uploads\/2019\/07\/XI-Edicio\u0301n-Regata-Puig-Vela-Cla\u0300ssica-Barcelona_2-e1562844487788-1024x643.jpeg","type":"","width":"","height":""}],"twitter_card":"summary_large_image","twitter_image":"https:\/\/hundreds-wordpress-uploads.s3.amazonaws.com\/velaclassica\/uploads\/2019\/07\/XI-Edicio\u0301n-Regata-Puig-Vela-Cla\u0300ssica-Barcelona_2-e1562844487788-1024x643.jpeg","twitter_misc":{"Tiempo de lectura":"1 minuto"},"schema":{"@context":"https:\/\/schema.org","@graph":[{"@type":"WebPage","@id":"https:\/\/puigvelaclassica.com\/es\/lista-de-participantes\/","url":"https:\/\/puigvelaclassica.com\/es\/lista-de-participantes\/","name":"Lista de participantes - Puig Vela Cl\u00e0ssica Barcelona","isPartOf":{"@id":"https:\/\/puigvelaclassica.com\/es\/#website"},"primaryImageOfPage":{"@id":"https:\/\/puigvelaclassica.com\/es\/lista-de-participantes\/#primaryimage"},"image":{"@id":"https:\/\/puigvelaclassica.com\/es\/lista-de-participantes\/#primaryimage"},"thumbnailUrl":"https:\/\/hundreds-wordpress-uploads.s3.amazonaws.com\/velaclassica\/uploads\/2019\/07\/XI-Edicio\u0301n-Regata-Puig-Vela-Cla\u0300ssica-Barcelona_2-e1562844487788-scaled.jpeg","datePublished":"2024-01-15T22:05:56+00:00","dateModified":"2025-03-19T20:18:43+00:00","description":"Consulta la lista completa de participantes para la pr\u00f3xima Puig Vela Cl\u00e0ssica Barcelona en las categor\u00edas: \u00c9poca Cangreja, \u00c9poca Bermudiana, Cl\u00e1sicos, Cl\u00e1sicos IOR, Big Boat, Modern Classic","breadcrumb":{"@id":"https:\/\/puigvelaclassica.com\/es\/lista-de-participantes\/#breadcrumb"},"inLanguage":"es","potentialAction":[{"@type":"ReadAction","target":["https:\/\/puigvelaclassica.com\/es\/lista-de-participantes\/"]}]},{"@type":"ImageObject","inLanguage":"es","@id":"https:\/\/puigvelaclassica.com\/es\/lista-de-participantes\/#primaryimage","url":"https:\/\/hundreds-wordpress-uploads.s3.amazonaws.com\/velaclassica\/uploads\/2019\/07\/XI-Edicio\u0301n-Regata-Puig-Vela-Cla\u0300ssica-Barcelona_2-e1562844487788-scaled.jpeg","contentUrl":"https:\/\/hundreds-wordpress-uploads.s3.amazonaws.com\/velaclassica\/uploads\/2019\/07\/XI-Edicio\u0301n-Regata-Puig-Vela-Cla\u0300ssica-Barcelona_2-e1562844487788-scaled.jpeg","width":2560,"height":1607},{"@type":"BreadcrumbList","@id":"https:\/\/puigvelaclassica.com\/es\/lista-de-participantes\/#breadcrumb","itemListElement":[{"@type":"ListItem","position":1,"name":"Home","item":"https:\/\/puigvelaclassica.com\/es\/"},{"@type":"ListItem","position":2,"name":"Lista de participantes"}]},{"@type":"WebSite","@id":"https:\/\/puigvelaclassica.com\/es\/#website","url":"https:\/\/puigvelaclassica.com\/es\/","name":"Puig Vela Cl\u00e0ssica Barcelona","description":"","potentialAction":[{"@type":"SearchAction","target":{"@type":"EntryPoint","urlTemplate":"https:\/\/puigvelaclassica.com\/es\/?s={search_term_string}"},"query-input":{"@type":"PropertyValueSpecification","valueRequired":true,"valueName":"search_term_string"}}],"inLanguage":"es"}]}},"_links":{"self":[{"href":"https:\/\/puigvelaclassica.com\/es\/wp-json\/wp\/v2\/pages\/98","targetHints":{"allow":["GET"]}}],"collection":[{"href":"https:\/\/puigvelaclassica.com\/es\/wp-json\/wp\/v2\/pages"}],"about":[{"href":"https:\/\/puigvelaclassica.com\/es\/wp-json\/wp\/v2\/types\/page"}],"author":[{"embeddable":true,"href":"https:\/\/puigvelaclassica.com\/es\/wp-json\/wp\/v2\/users\/1"}],"replies":[{"embeddable":true,"href":"https:\/\/puigvelaclassica.com\/es\/wp-json\/wp\/v2\/comments?post=98"}],"version-history":[{"count":9,"href":"https:\/\/puigvelaclassica.com\/es\/wp-json\/wp\/v2\/pages\/98\/revisions"}],"predecessor-version":[{"id":8150,"href":"https:\/\/puigvelaclassica.com\/es\/wp-json\/wp\/v2\/pages\/98\/revisions\/8150"}],"wp:featuredmedia":[{"embeddable":true,"href":"https:\/\/puigvelaclassica.com\/es\/wp-json\/wp\/v2\/media\/7051"}],"wp:attachment":[{"href":"https:\/\/puigvelaclassica.com\/es\/wp-json\/wp\/v2\/media?parent=98"}],"curies":[{"name":"wp","href":"https:\/\/api.w.org\/{rel}","templated":true}]}}